{"id":2238,"date":"2024-12-20T14:24:39","date_gmt":"2024-12-20T13:24:39","guid":{"rendered":"https:\/\/omu.agency\/get-aktiv.w01f153f.kasserver.com\/?page_id=2238"},"modified":"2025-01-02T10:39:46","modified_gmt":"2025-01-02T09:39:46","slug":"agbs","status":"publish","type":"page","link":"https:\/\/omu.agency\/get-aktiv\/agbs\/","title":{"rendered":"AGBs"},"content":{"rendered":"\t\t<div data-elementor-type=\"wp-page\" data-elementor-id=\"2238\" class=\"elementor elementor-2238\" data-elementor-post-type=\"page\">\n\t\t\t\t<div class=\"elementor-element elementor-element-e2f3f41 e-flex e-con-boxed e-con e-parent\" data-id=\"e2f3f41\" data-element_type=\"container\" data-e-type=\"container\">\n\t\t\t\t\t<div class=\"e-con-inner\">\n\t\t\t\t<div class=\"elementor-element elementor-element-0bbe482 elementor-widget__width-initial elementor-widget elementor-widget-heading\" data-id=\"0bbe482\" data-element_type=\"widget\" data-e-type=\"widget\" data-widget_type=\"heading.default\">\n\t\t\t\t<div class=\"elementor-widget-container\">\n\t\t\t\t\t<h2 class=\"elementor-heading-title elementor-size-default\">Allgemeine Gesch\u00e4ftsbedingungen der GET Akademie UG (haftungsbeschr\u00e4nkt)<\/h2>\t\t\t\t<\/div>\n\t\t\t\t<\/div>\n\t\t\t\t<div class=\"elementor-element elementor-element-ee90940 elementor-widget elementor-widget-text-editor\" data-id=\"ee90940\" data-element_type=\"widget\" data-e-type=\"widget\" data-widget_type=\"text-editor.default\">\n\t\t\t\t<div class=\"elementor-widget-container\">\n\t\t\t\t\t\t\t\t\t<p><b>\u00a7 1 Geltungsbereich<\/b><\/p><p>(1) Diese Allgemeinen Gesch\u00e4ftsbedingungen (im Folgenden: AGB) gelten f\u00fcr alle Vertr\u00e4ge und Leistungen der GET Akademie UG (haftungsbeschr\u00e4nkt), nachfolgend Anbieter genannt, die sie gegen\u00fcber ihren Teilnehmern (im Folgenden: Teilnehmer oder Sie) erbringt. Dies umfasst insbesondere die Durchf\u00fchrung von Pr\u00e4senz-Seminaren und Webinaren f\u00fcr TherapeutInnen.<\/p><p>(2) Abweichende Allgemeine Gesch\u00e4ftsbedingungen der Teilnehmer werden nicht anerkannt, es sei denn, der Anbieter stimmt ihrer Geltung ausdr\u00fccklich schriftlich zu.<\/p><p><b>\u00a7 4 Zahlungsbedingungen<\/b><\/p><p>(1) Die Teilnahmegeb\u00fchr f\u00fcr ein Seminar ist nach Erhalt der Rechnung (nach erfolgter Anmeldung) und gem\u00e4\u00df den darauf angegebenen Zahlungsbedingungen zu begleichen.<\/p><p>(2) Kommt der Teilnehmer in Zahlungsverzug, so ist der Anbieter berechtigt, Verzugszinsen zu fordern.<\/p><p><b>\u00a7 5 R\u00fccktritt und Stornierung<\/b><\/p><p>(1) Die Anmeldung zu einem Kurs ist verbindlich. Bis 6 Wochen vor Kursbeginn kann der Teilnehmer ohne Angabe von Gr\u00fcnden vom Vertrag zur\u00fccktreten. Nach diesem Zeitraum wird folgende Kursgeb\u00fchr f\u00e4llig:<\/p><p>\u00b7 6-4 Wochen vor Kursbeginn: 50% der Kursgeb\u00fchr<\/p><p>\u00b7 4-2 Wochen vor Kursbeginn: 75% der Kursgeb\u00fchr<\/p><p>\u00b7 2-0 Wochen vor Kursbeginn: 100% der Kursgeb\u00fchr<\/p><p>(2) Der Anbieter hat das Recht, das Seminar bei nicht ausreichender Teilnehmerzahl oder aus anderen wichtigen Gr\u00fcnden abzusagen. Bereits gezahlte Teilnahmegeb\u00fchren werden in diesem Fall vollst\u00e4ndig erstattet.<\/p><p>(3) Tritt ein Teilnehmer den Kurs nicht an oder scheidet er w\u00e4hrend des Kurses aus, ist eine R\u00fcckerstattung der Kursgeb\u00fchr ausgeschlossen.<\/p><p>(4) Hybrid-Online Kurse und Webinare unterliegen den gleichen R\u00fccktrittbedingungen wie Pr\u00e4senzseminare.<\/p><p>\u00a7 6 Haftung<\/p><p>(1) Die Haftung des Anbieters f\u00fcr Sch\u00e4den des Teilnehmers ist auf Vorsatz und grobe Fahrl\u00e4ssigkeit beschr\u00e4nkt.<\/p><p>(2) F\u00fcr die Inhalte von Seminarunterlagen wird keine Haftung \u00fcbernommen.<\/p><p><b>\u00a7 2 Vertragsabschluss<\/b><\/p><p>(1) Die Pr\u00e4sentation und Bewerbung von Seminaren auf der Webseite des Anbieters stellt kein bindendes Angebot zum Abschluss eines Vertrages dar.<\/p><p>(2) Durch die Anmeldung zu einem Seminar gibt der Teilnehmer ein verbindliches Angebot auf Abschluss eines Vertrags \u00fcber die Teilnahme an diesem Seminar ab. Der Vertrag kommt erst mit der Annahme durch den Anbieter zustande, welche per E-Mail erfolgt.<\/p><p><b>\u00a7 3 Leistungen<\/b><\/p><p>(1) Der Umfang der vertraglichen Leistungen ergibt sich aus der Leistungsbeschreibung im Rahmen der jeweiligen Seminarank\u00fcndigung auf der Webseite des Anbieters.<\/p><p>(2) Der Anbieter beh\u00e4lt sich vor, notwendige inhaltliche, methodische und organisatorische \u00c4nderungen oder Abweichungen vorzunehmen, vorausgesetzt, diese \u00c4nderungen oder Abweichungen beeintr\u00e4chtigen den Gesamtzuschnitt des Seminars nicht wesentlich.<\/p><p><b>\u00a7 7 Schlussbestimmungen<\/b><\/p><p>(1) Es gilt das Recht der Bundesrepublik Deutschland. F\u00fcr alle Streitigkeiten aus oder im Zusammenhang mit Vertr\u00e4gen zwischen dem Anbieter und dem Teilnehmer ist ausschlie\u00dflich das Gericht am Sitz des Anbieters in Braunschweig zust\u00e4ndig.<\/p><p>(2) Sollten einzelne Bestimmungen dieser AGB unwirksam sein oder werden, so ber\u00fchrt dies die Wirksamkeit der \u00fcbrigen Bestimmungen nicht.<\/p><p><b>Handelsregisternummer: 210211<\/b><\/p><p><b>Gerichtsstand: Braunschweig<\/b><\/p>\t\t\t\t\t\t\t\t<\/div>\n\t\t\t\t<\/div>\n\t\t\t\t\t<\/div>\n\t\t\t\t<\/div>\n\t\t\t\t<\/div>\n\t\t","protected":false},"excerpt":{"rendered":"<p>Allgemeine Gesch\u00e4ftsbedingungen der GET Akademie UG (haftungsbeschr\u00e4nkt) \u00a7 1 Geltungsbereich (1) Diese Allgemeinen Gesch\u00e4ftsbedingungen (im Folgenden: AGB) gelten f\u00fcr alle Vertr\u00e4ge und Leistungen der GET Akademie UG (haftungsbeschr\u00e4nkt), nachfolgend Anbieter genannt, die sie gegen\u00fcber ihren Teilnehmern (im Folgenden: Teilnehmer oder Sie) erbringt. Dies umfasst insbesondere die Durchf\u00fchrung von Pr\u00e4senz-Seminaren und Webinaren f\u00fcr TherapeutInnen. (2) Abweichende [&hellip;]<\/p>\n","protected":false},"author":1,"featured_media":0,"parent":0,"menu_order":0,"comment_status":"closed","ping_status":"closed","template":"","meta":{"_acf_changed":false,"_seopress_robots_primary_cat":"","_seopress_titles_title":"","_seopress_titles_desc":"","_seopress_robots_index":"","footnotes":""},"class_list":["post-2238","page","type-page","status-publish","hentry"],"acf":[],"_links":{"self":[{"href":"https:\/\/omu.agency\/get-aktiv\/wp-json\/wp\/v2\/pages\/2238","targetHints":{"allow":["GET"]}}],"collection":[{"href":"https:\/\/omu.agency\/get-aktiv\/wp-json\/wp\/v2\/pages"}],"about":[{"href":"https:\/\/omu.agency\/get-aktiv\/wp-json\/wp\/v2\/types\/page"}],"author":[{"embeddable":true,"href":"https:\/\/omu.agency\/get-aktiv\/wp-json\/wp\/v2\/users\/1"}],"replies":[{"embeddable":true,"href":"https:\/\/omu.agency\/get-aktiv\/wp-json\/wp\/v2\/comments?post=2238"}],"version-history":[{"count":10,"href":"https:\/\/omu.agency\/get-aktiv\/wp-json\/wp\/v2\/pages\/2238\/revisions"}],"predecessor-version":[{"id":2319,"href":"https:\/\/omu.agency\/get-aktiv\/wp-json\/wp\/v2\/pages\/2238\/revisions\/2319"}],"wp:attachment":[{"href":"https:\/\/omu.agency\/get-aktiv\/wp-json\/wp\/v2\/media?parent=2238"}],"curies":[{"name":"wp","href":"https:\/\/api.w.org\/{rel}","templated":true}]}}