{"id":3575,"date":"2026-04-28T16:58:40","date_gmt":"2026-04-28T14:58:40","guid":{"rendered":"https:\/\/omu.agency\/get-aktiv\/?page_id=3575"},"modified":"2026-04-29T17:23:15","modified_gmt":"2026-04-29T15:23:15","slug":"ueber-uns","status":"publish","type":"page","link":"https:\/\/omu.agency\/get-aktiv\/ueber-uns\/","title":{"rendered":"\u00dcber uns"},"content":{"rendered":"\t\t<div data-elementor-type=\"wp-page\" data-elementor-id=\"3575\" class=\"elementor elementor-3575\" data-elementor-post-type=\"page\">\n\t\t\t\t<div class=\"elementor-element elementor-element-1daf60e e-flex e-con-boxed e-con e-parent\" data-id=\"1daf60e\" data-element_type=\"container\" data-e-type=\"container\" data-settings=\"{&quot;background_background&quot;:&quot;classic&quot;}\">\n\t\t\t\t\t<div class=\"e-con-inner\">\n\t\t<div class=\"elementor-element elementor-element-9392625 e-con-full e-flex e-con e-child\" data-id=\"9392625\" data-element_type=\"container\" data-e-type=\"container\" data-settings=\"{&quot;background_background&quot;:&quot;classic&quot;}\">\n\t\t\t\t<div class=\"elementor-element elementor-element-c63abf9 elementor-widget__width-initial elementor-widget elementor-widget-heading\" data-id=\"c63abf9\" data-element_type=\"widget\" data-e-type=\"widget\" data-widget_type=\"heading.default\">\n\t\t\t\t<div class=\"elementor-widget-container\">\n\t\t\t\t\t<span class=\"elementor-heading-title elementor-size-default\">Get Aktiv<\/span>\t\t\t\t<\/div>\n\t\t\t\t<\/div>\n\t\t\t\t<div class=\"elementor-element elementor-element-bbc0b51 elementor-widget__width-initial elementor-widget elementor-widget-heading\" data-id=\"bbc0b51\" data-element_type=\"widget\" data-e-type=\"widget\" data-widget_type=\"heading.default\">\n\t\t\t\t<div class=\"elementor-widget-container\">\n\t\t\t\t\t<h1 class=\"elementor-heading-title elementor-size-default\">THERAPIE TRIFFT TRAINING \u2013<br>F\u00dcR IHR AKTIVES, SELBSTBESTIMMTES LEBEN<\/h1>\t\t\t\t<\/div>\n\t\t\t\t<\/div>\n\t\t<div class=\"elementor-element elementor-element-cced86b e-con-full e-flex e-con e-child\" data-id=\"cced86b\" data-element_type=\"container\" data-e-type=\"container\">\n\t\t\t\t<div class=\"elementor-element elementor-element-77aa10f elementor-align-justify elementor-widget__width-initial elementor-widget elementor-widget-button\" data-id=\"77aa10f\" data-element_type=\"widget\" data-e-type=\"widget\" data-widget_type=\"button.default\">\n\t\t\t\t<div class=\"elementor-widget-container\">\n\t\t\t\t\t\t\t\t\t<div class=\"elementor-button-wrapper\">\n\t\t\t\t\t<a class=\"elementor-button elementor-button-link elementor-size-sm\" href=\"https:\/\/omu.agency\/get-aktiv\/kontakt\/\">\n\t\t\t\t\t\t<span class=\"elementor-button-content-wrapper\">\n\t\t\t\t\t\t\t\t\t<span class=\"elementor-button-text\">Jetzt Mitglied werden!<\/span>\n\t\t\t\t\t<\/span>\n\t\t\t\t\t<\/a>\n\t\t\t\t<\/div>\n\t\t\t\t\t\t\t\t<\/div>\n\t\t\t\t<\/div>\n\t\t\t\t<div class=\"elementor-element elementor-element-4ee520c elementor-widget elementor-widget-text-editor\" data-id=\"4ee520c\" data-element_type=\"widget\" data-e-type=\"widget\" data-widget_type=\"text-editor.default\">\n\t\t\t\t<div class=\"elementor-widget-container\">\n\t\t\t\t\t\t\t\t\t<p style=\"text-align: center;\"><strong>Pers\u00f6nliche Betreuung | moderne EGYM-Ger\u00e4te | Smart-Hub<\/strong><\/p>\t\t\t\t\t\t\t\t<\/div>\n\t\t\t\t<\/div>\n\t\t\t\t<\/div>\n\t\t\t\t<\/div>\n\t\t\t\t\t<\/div>\n\t\t\t\t<\/div>\n\t\t<div class=\"elementor-element elementor-element-1bf18fb e-flex e-con-boxed e-con e-parent\" data-id=\"1bf18fb\" data-element_type=\"container\" data-e-type=\"container\" data-settings=\"{&quot;background_background&quot;:&quot;classic&quot;}\">\n\t\t\t\t\t<div class=\"e-con-inner\">\n\t\t<div class=\"elementor-element elementor-element-b2954fd e-con-full e-flex e-con e-child\" data-id=\"b2954fd\" data-element_type=\"container\" data-e-type=\"container\">\n\t\t\t\t<div class=\"elementor-element elementor-element-14b342f elementor-widget elementor-widget-heading\" data-id=\"14b342f\" data-element_type=\"widget\" data-e-type=\"widget\" data-widget_type=\"heading.default\">\n\t\t\t\t<div class=\"elementor-widget-container\">\n\t\t\t\t\t<h2 class=\"elementor-heading-title elementor-size-default\">Vision \u2013 Warum wir da sind<\/h2>\t\t\t\t<\/div>\n\t\t\t\t<\/div>\n\t\t\t\t<div class=\"elementor-element elementor-element-774fb8c elementor-widget elementor-widget-text-editor\" data-id=\"774fb8c\" data-element_type=\"widget\" data-e-type=\"widget\" data-widget_type=\"text-editor.default\">\n\t\t\t\t<div class=\"elementor-widget-container\">\n\t\t\t\t\t\t\t\t\t<p>Wir schaffen einen Ort, an dem Menschen aus der Therapie heraus zur\u00fcck in ein selbst bestimmtes Leben finden.<\/p>\n<p>GET AKTIV steht f\u00fcr eine neue Gesundheitskultur: von rein passiver Behandlung -&gt; hin zu echter Bewegung, Eigenverantwortung und nachhaltiger Ver\u00e4nderung.<\/p>\n<p>Unser Ziel ist es, m\u00f6glichst viele Menschen in Aktivit\u00e4t zu begleiten und Ihnen zu zeigen: Gesundheit ist nichts, was man bekommt, Gesundheit ist etwas, dass man selbst gestalten kann<\/p>\t\t\t\t\t\t\t\t<\/div>\n\t\t\t\t<\/div>\n\t\t\t\t<\/div>\n\t\t\t\t\t<\/div>\n\t\t\t\t<\/div>\n\t\t<div class=\"elementor-element elementor-element-7f82edf e-flex e-con-boxed e-con e-parent\" data-id=\"7f82edf\" data-element_type=\"container\" data-e-type=\"container\" data-settings=\"{&quot;background_background&quot;:&quot;classic&quot;}\">\n\t\t\t\t\t<div class=\"e-con-inner\">\n\t\t<div class=\"elementor-element elementor-element-032e16a e-con-full e-flex e-con e-child\" data-id=\"032e16a\" data-element_type=\"container\" data-e-type=\"container\">\n\t\t\t\t<div class=\"elementor-element elementor-element-f6ee39f elementor-widget elementor-widget-image\" data-id=\"f6ee39f\" data-element_type=\"widget\" data-e-type=\"widget\" data-widget_type=\"image.default\">\n\t\t\t\t<div class=\"elementor-widget-container\">\n\t\t\t\t\t\t\t\t\t\t\t\t\t\t\t<img decoding=\"async\" src=\"https:\/\/omu.agency\/get-aktiv\/wp-content\/plugins\/elementor\/assets\/images\/placeholder.png\" title=\"\" alt=\"\" loading=\"lazy\" \/>\t\t\t\t\t\t\t\t\t\t\t\t\t\t\t<\/div>\n\t\t\t\t<\/div>\n\t\t\t\t<\/div>\n\t\t<div class=\"elementor-element elementor-element-a070d83 e-con-full e-flex e-con e-child\" data-id=\"a070d83\" data-element_type=\"container\" data-e-type=\"container\">\n\t\t\t\t<div class=\"elementor-element elementor-element-04a98cd elementor-widget elementor-widget-heading\" data-id=\"04a98cd\" data-element_type=\"widget\" data-e-type=\"widget\" data-widget_type=\"heading.default\">\n\t\t\t\t<div class=\"elementor-widget-container\">\n\t\t\t\t\t<h2 class=\"elementor-heading-title elementor-size-default\">Mission \u2013 Wie wir unsere Vision erreichen<\/h2>\t\t\t\t<\/div>\n\t\t\t\t<\/div>\n\t\t\t\t<div class=\"elementor-element elementor-element-4c7e365 elementor-widget elementor-widget-text-editor\" data-id=\"4c7e365\" data-element_type=\"widget\" data-e-type=\"widget\" data-widget_type=\"text-editor.default\">\n\t\t\t\t<div class=\"elementor-widget-container\">\n\t\t\t\t\t\t\t\t\t<p>Wir verbinden Therapie, Training, Bewegung und pers\u00f6nliche Begleitung zu einem System, <br \/>das verst\u00e4ndlich, zug\u00e4nglich und nachhaltig ist.<\/p><p>Wir bef\u00e4higen Menschen, ihre Gesundheit bei uns selbst in die Hand zu nehmen, und stehen <br \/>mit Rat und Tat zur Seite.<\/p><p>Wir schaffen einen Ort, an dem Gesundheit erlebbar wird.<\/p>\t\t\t\t\t\t\t\t<\/div>\n\t\t\t\t<\/div>\n\t\t\t\t<\/div>\n\t\t\t\t\t<\/div>\n\t\t\t\t<\/div>\n\t\t<div class=\"elementor-element elementor-element-c9673bb e-flex e-con-boxed e-con e-parent\" data-id=\"c9673bb\" data-element_type=\"container\" data-e-type=\"container\" data-settings=\"{&quot;background_background&quot;:&quot;classic&quot;}\">\n\t\t\t\t\t<div class=\"e-con-inner\">\n\t\t<div class=\"elementor-element elementor-element-def8a38 e-con-full flex-box-order-2 e-flex e-con e-child\" data-id=\"def8a38\" data-element_type=\"container\" data-e-type=\"container\">\n\t\t\t\t<div class=\"elementor-element elementor-element-e62b332 elementor-widget elementor-widget-heading\" data-id=\"e62b332\" data-element_type=\"widget\" data-e-type=\"widget\" data-widget_type=\"heading.default\">\n\t\t\t\t<div class=\"elementor-widget-container\">\n\t\t\t\t\t<h2 class=\"elementor-heading-title elementor-size-default\">Strategische Ausrichtung \u2013 Unser Weg\n<\/h2>\t\t\t\t<\/div>\n\t\t\t\t<\/div>\n\t\t\t\t<div class=\"elementor-element elementor-element-71ea3a1 elementor-widget elementor-widget-text-editor\" data-id=\"71ea3a1\" data-element_type=\"widget\" data-e-type=\"widget\" data-widget_type=\"text-editor.default\">\n\t\t\t\t<div class=\"elementor-widget-container\">\n\t\t\t\t\t\t\t\t\t<p>GET AKTIV verbindet Therapiekompetenz, Trainingskompetenz und echte Beziehungsarbeit <br \/>\u2013 THERAPIE TRIFFT TRAINING.<\/p><ul><li>EGYM-Krafttrainingsger\u00e4te f\u00fcr modernes, sicheres und effizientes Training.<\/li><li>Individuelle Trainingsbetreuung vor Ort durch lizenzierte Trainer.<\/li><li>Ganzheitliche Begleitung durch ein qualifiziertes Therapieteam.<\/li><li>GET AKTIV als Schnittstelle nach oder w\u00e4hrend der Therapie: Gelerntes festigen, <br \/>Neues sicher ausprobieren und gest\u00e4rkt in den Alltag zur\u00fcckkehren.<\/li><\/ul>\t\t\t\t\t\t\t\t<\/div>\n\t\t\t\t<\/div>\n\t\t\t\t<\/div>\n\t\t<div class=\"elementor-element elementor-element-36af725 e-con-full e-flex e-con e-child\" data-id=\"36af725\" data-element_type=\"container\" data-e-type=\"container\">\n\t\t\t\t<div class=\"elementor-element elementor-element-e2de812 elementor-widget elementor-widget-image\" data-id=\"e2de812\" data-element_type=\"widget\" data-e-type=\"widget\" data-widget_type=\"image.default\">\n\t\t\t\t<div class=\"elementor-widget-container\">\n\t\t\t\t\t\t\t\t\t\t\t\t\t\t\t<img decoding=\"async\" src=\"https:\/\/omu.agency\/get-aktiv\/wp-content\/plugins\/elementor\/assets\/images\/placeholder.png\" title=\"\" alt=\"\" loading=\"lazy\" \/>\t\t\t\t\t\t\t\t\t\t\t\t\t\t\t<\/div>\n\t\t\t\t<\/div>\n\t\t\t\t<\/div>\n\t\t\t\t\t<\/div>\n\t\t\t\t<\/div>\n\t\t<div class=\"elementor-element elementor-element-eddd7e9 e-flex e-con-boxed e-con e-parent\" data-id=\"eddd7e9\" data-element_type=\"container\" data-e-type=\"container\" data-settings=\"{&quot;background_background&quot;:&quot;classic&quot;}\">\n\t\t\t\t\t<div class=\"e-con-inner\">\n\t\t<div class=\"elementor-element elementor-element-d65bfa7 e-con-full e-flex e-con e-child\" data-id=\"d65bfa7\" data-element_type=\"container\" data-e-type=\"container\" data-settings=\"{&quot;background_background&quot;:&quot;classic&quot;}\">\n\t\t\t\t<div class=\"elementor-element elementor-element-d9a2dba elementor-widget__width-initial elementor-widget elementor-widget-heading\" data-id=\"d9a2dba\" data-element_type=\"widget\" data-e-type=\"widget\" data-widget_type=\"heading.default\">\n\t\t\t\t<div class=\"elementor-widget-container\">\n\t\t\t\t\t<h2 class=\"elementor-heading-title elementor-size-default\">Essenz \u2013 Zweck unserer Existenz<\/h2>\t\t\t\t<\/div>\n\t\t\t\t<\/div>\n\t\t\t\t<div class=\"elementor-element elementor-element-5ca3620 elementor-widget elementor-widget-text-editor\" data-id=\"5ca3620\" data-element_type=\"widget\" data-e-type=\"widget\" data-widget_type=\"text-editor.default\">\n\t\t\t\t<div class=\"elementor-widget-container\">\n\t\t\t\t\t\t\t\t\t<p>Wir begleiten Menschen aus der Therapie zur\u00fcck in ein selbstbestimmtes aktives Leben.<\/p><p>Gemeinsam ver\u00e4ndern wir das Verst\u00e4ndnis f\u00fcr Gesundheit und schaffen Selbstwirksamkeit.<\/p>\t\t\t\t\t\t\t\t<\/div>\n\t\t\t\t<\/div>\n\t\t<div class=\"elementor-element elementor-element-cc8f93e e-con-full e-flex e-con e-child\" data-id=\"cc8f93e\" data-element_type=\"container\" data-e-type=\"container\">\n\t\t\t\t<div class=\"elementor-element elementor-element-43a0962 elementor-align-justify elementor-widget__width-initial elementor-widget elementor-widget-button\" data-id=\"43a0962\" data-element_type=\"widget\" data-e-type=\"widget\" data-widget_type=\"button.default\">\n\t\t\t\t<div class=\"elementor-widget-container\">\n\t\t\t\t\t\t\t\t\t<div class=\"elementor-button-wrapper\">\n\t\t\t\t\t<a class=\"elementor-button elementor-button-link elementor-size-sm\" href=\"https:\/\/omu.agency\/get-aktiv\/kontakt\/\">\n\t\t\t\t\t\t<span class=\"elementor-button-content-wrapper\">\n\t\t\t\t\t\t\t\t\t<span class=\"elementor-button-text\">Jetzt Mitglied werden!<\/span>\n\t\t\t\t\t<\/span>\n\t\t\t\t\t<\/a>\n\t\t\t\t<\/div>\n\t\t\t\t\t\t\t\t<\/div>\n\t\t\t\t<\/div>\n\t\t\t\t<\/div>\n\t\t\t\t<\/div>\n\t\t\t\t\t<\/div>\n\t\t\t\t<\/div>\n\t\t\t\t<\/div>\n\t\t","protected":false},"excerpt":{"rendered":"<p>Get Aktiv THERAPIE TRIFFT TRAINING \u2013F\u00dcR IHR AKTIVES, SELBSTBESTIMMTES LEBEN Jetzt Mitglied werden! Pers\u00f6nliche Betreuung | moderne EGYM-Ger\u00e4te | Smart-Hub Vision \u2013 Warum wir da sind Wir schaffen einen Ort, an dem Menschen aus der Therapie heraus zur\u00fcck in ein selbst bestimmtes Leben finden. GET AKTIV steht f\u00fcr eine neue Gesundheitskultur: von rein passiver Behandlung [&hellip;]<\/p>\n","protected":false},"author":1,"featured_media":0,"parent":0,"menu_order":0,"comment_status":"closed","ping_status":"closed","template":"elementor_header_footer","meta":{"_acf_changed":false,"_seopress_robots_primary_cat":"","_seopress_titles_title":"","_seopress_titles_desc":"","_seopress_robots_index":"","footnotes":""},"class_list":["post-3575","page","type-page","status-publish","hentry"],"acf":[],"_links":{"self":[{"href":"https:\/\/omu.agency\/get-aktiv\/wp-json\/wp\/v2\/pages\/3575","targetHints":{"allow":["GET"]}}],"collection":[{"href":"https:\/\/omu.agency\/get-aktiv\/wp-json\/wp\/v2\/pages"}],"about":[{"href":"https:\/\/omu.agency\/get-aktiv\/wp-json\/wp\/v2\/types\/page"}],"author":[{"embeddable":true,"href":"https:\/\/omu.agency\/get-aktiv\/wp-json\/wp\/v2\/users\/1"}],"replies":[{"embeddable":true,"href":"https:\/\/omu.agency\/get-aktiv\/wp-json\/wp\/v2\/comments?post=3575"}],"version-history":[{"count":10,"href":"https:\/\/omu.agency\/get-aktiv\/wp-json\/wp\/v2\/pages\/3575\/revisions"}],"predecessor-version":[{"id":3701,"href":"https:\/\/omu.agency\/get-aktiv\/wp-json\/wp\/v2\/pages\/3575\/revisions\/3701"}],"wp:attachment":[{"href":"https:\/\/omu.agency\/get-aktiv\/wp-json\/wp\/v2\/media?parent=3575"}],"curies":[{"name":"wp","href":"https:\/\/api.w.org\/{rel}","templated":true}]}}