{"id":3632,"date":"2026-04-29T13:52:28","date_gmt":"2026-04-29T11:52:28","guid":{"rendered":"https:\/\/omu.agency\/get-aktiv\/?page_id=3632"},"modified":"2026-04-29T17:31:14","modified_gmt":"2026-04-29T15:31:14","slug":"unser-team","status":"publish","type":"page","link":"https:\/\/omu.agency\/get-aktiv\/unser-team\/","title":{"rendered":"Unser Team"},"content":{"rendered":"\t\t<div data-elementor-type=\"wp-page\" data-elementor-id=\"3632\" class=\"elementor elementor-3632\" data-elementor-post-type=\"page\">\n\t\t\t\t<div class=\"elementor-element elementor-element-1daf60e e-flex e-con-boxed e-con e-parent\" data-id=\"1daf60e\" data-element_type=\"container\" data-e-type=\"container\" data-settings=\"{&quot;background_background&quot;:&quot;classic&quot;}\">\n\t\t\t\t\t<div class=\"e-con-inner\">\n\t\t<div class=\"elementor-element elementor-element-9392625 e-con-full e-flex e-con e-child\" data-id=\"9392625\" data-element_type=\"container\" data-e-type=\"container\" data-settings=\"{&quot;background_background&quot;:&quot;classic&quot;}\">\n\t\t\t\t<div class=\"elementor-element elementor-element-c63abf9 elementor-widget__width-initial elementor-widget elementor-widget-heading\" data-id=\"c63abf9\" data-element_type=\"widget\" data-e-type=\"widget\" data-widget_type=\"heading.default\">\n\t\t\t\t<div class=\"elementor-widget-container\">\n\t\t\t\t\t<h1 class=\"elementor-heading-title elementor-size-default\">Das Team von Get Aktiv<\/h1>\t\t\t\t<\/div>\n\t\t\t\t<\/div>\n\t\t\t\t<div class=\"elementor-element elementor-element-bbc0b51 elementor-widget__width-initial elementor-widget elementor-widget-heading\" data-id=\"bbc0b51\" data-element_type=\"widget\" data-e-type=\"widget\" data-widget_type=\"heading.default\">\n\t\t\t\t<div class=\"elementor-widget-container\">\n\t\t\t\t\t<h2 class=\"elementor-heading-title elementor-size-default\">THERAPIE TRIFFT TRAINING \u2013<br>F\u00dcR IHR AKTIVES, SELBSTBESTIMMTES LEBEN<\/h2>\t\t\t\t<\/div>\n\t\t\t\t<\/div>\n\t\t<div class=\"elementor-element elementor-element-cced86b e-con-full e-flex e-con e-child\" data-id=\"cced86b\" data-element_type=\"container\" data-e-type=\"container\">\n\t\t\t\t<div class=\"elementor-element elementor-element-77aa10f elementor-align-justify elementor-widget__width-initial elementor-widget elementor-widget-button\" data-id=\"77aa10f\" data-element_type=\"widget\" data-e-type=\"widget\" data-widget_type=\"button.default\">\n\t\t\t\t<div class=\"elementor-widget-container\">\n\t\t\t\t\t\t\t\t\t<div class=\"elementor-button-wrapper\">\n\t\t\t\t\t<a class=\"elementor-button elementor-button-link elementor-size-sm\" href=\"https:\/\/omu.agency\/get-aktiv\/kontakt\/\">\n\t\t\t\t\t\t<span class=\"elementor-button-content-wrapper\">\n\t\t\t\t\t\t\t\t\t<span class=\"elementor-button-text\">Jetzt Mitglied werden!<\/span>\n\t\t\t\t\t<\/span>\n\t\t\t\t\t<\/a>\n\t\t\t\t<\/div>\n\t\t\t\t\t\t\t\t<\/div>\n\t\t\t\t<\/div>\n\t\t\t\t<div class=\"elementor-element elementor-element-4ee520c elementor-widget elementor-widget-text-editor\" data-id=\"4ee520c\" data-element_type=\"widget\" data-e-type=\"widget\" data-widget_type=\"text-editor.default\">\n\t\t\t\t<div class=\"elementor-widget-container\">\n\t\t\t\t\t\t\t\t\t<p style=\"text-align: center;\"><strong>Pers\u00f6nliche Betreuung | moderne EGYM-Ger\u00e4te | Smart-Hub<\/strong><\/p>\t\t\t\t\t\t\t\t<\/div>\n\t\t\t\t<\/div>\n\t\t\t\t<\/div>\n\t\t\t\t<\/div>\n\t\t\t\t\t<\/div>\n\t\t\t\t<\/div>\n\t\t<div class=\"elementor-element elementor-element-35d5286 e-con-full e-flex e-con e-parent\" data-id=\"35d5286\" data-element_type=\"container\" data-e-type=\"container\" data-settings=\"{&quot;background_background&quot;:&quot;classic&quot;}\">\n\t\t<div class=\"elementor-element elementor-element-62d5f45 e-con-full e-flex e-con e-child\" data-id=\"62d5f45\" data-element_type=\"container\" data-e-type=\"container\">\n\t\t\t\t<div class=\"elementor-element elementor-element-a3c4d58 gallery-spacing-custom elementor-widget__width-initial elementor-widget elementor-widget-image-gallery\" data-id=\"a3c4d58\" data-element_type=\"widget\" data-e-type=\"widget\" data-widget_type=\"image-gallery.default\">\n\t\t\t\t<div class=\"elementor-widget-container\">\n\t\t\t\t\t\t\t<div class=\"elementor-image-gallery\">\n\t\t\t<div id='gallery-1' class='gallery galleryid-3632 gallery-columns-2 gallery-size-full'><figure class='gallery-item'>\n\t\t\t<div class='gallery-icon landscape'>\n\t\t\t\t<a data-elementor-open-lightbox=\"yes\" data-elementor-lightbox-slideshow=\"a3c4d58\" data-elementor-lightbox-title=\"erich\" data-e-action-hash=\"#elementor-action%3Aaction%3Dlightbox%26settings%3DeyJpZCI6MzY4NiwidXJsIjoiaHR0cHM6XC9cL29tdS5hZ2VuY3lcL2dldC1ha3Rpdlwvd3AtY29udGVudFwvdXBsb2Fkc1wvMjAyNlwvMDRcL2VyaWNoLmpwZyIsInNsaWRlc2hvdyI6ImEzYzRkNTgifQ%3D%3D\" href='https:\/\/omu.agency\/get-aktiv\/wp-content\/uploads\/2026\/04\/erich.jpg'><img fetchpriority=\"high\" decoding=\"async\" width=\"1672\" height=\"941\" src=\"https:\/\/omu.agency\/get-aktiv\/wp-content\/uploads\/2026\/04\/erich.jpg\" class=\"attachment-full size-full\" alt=\"\" aria-describedby=\"gallery-1-3686\" srcset=\"https:\/\/omu.agency\/get-aktiv\/wp-content\/uploads\/2026\/04\/erich.jpg 1672w, https:\/\/omu.agency\/get-aktiv\/wp-content\/uploads\/2026\/04\/erich-300x169.jpg 300w, https:\/\/omu.agency\/get-aktiv\/wp-content\/uploads\/2026\/04\/erich-1024x576.jpg 1024w, https:\/\/omu.agency\/get-aktiv\/wp-content\/uploads\/2026\/04\/erich-768x432.jpg 768w, https:\/\/omu.agency\/get-aktiv\/wp-content\/uploads\/2026\/04\/erich-1536x864.jpg 1536w\" sizes=\"(max-width: 1672px) 100vw, 1672px\" \/><\/a>\n\t\t\t<\/div>\n\t\t\t\t<figcaption class='wp-caption-text gallery-caption' id='gallery-1-3686'>\n\t\t\t\tErich &#8211; Physiotherapeut\n\t\t\t\t<\/figcaption><\/figure><figure class='gallery-item'>\n\t\t\t<div class='gallery-icon landscape'>\n\t\t\t\t<a data-elementor-open-lightbox=\"yes\" data-elementor-lightbox-slideshow=\"a3c4d58\" data-elementor-lightbox-title=\"benni\" data-e-action-hash=\"#elementor-action%3Aaction%3Dlightbox%26settings%3DeyJpZCI6MzY4NywidXJsIjoiaHR0cHM6XC9cL29tdS5hZ2VuY3lcL2dldC1ha3Rpdlwvd3AtY29udGVudFwvdXBsb2Fkc1wvMjAyNlwvMDRcL2Jlbm5pLmpwZyIsInNsaWRlc2hvdyI6ImEzYzRkNTgifQ%3D%3D\" href='https:\/\/omu.agency\/get-aktiv\/wp-content\/uploads\/2026\/04\/benni.jpg'><img decoding=\"async\" width=\"1920\" height=\"1080\" src=\"https:\/\/omu.agency\/get-aktiv\/wp-content\/uploads\/2026\/04\/benni.jpg\" class=\"attachment-full size-full\" alt=\"\" aria-describedby=\"gallery-1-3687\" srcset=\"https:\/\/omu.agency\/get-aktiv\/wp-content\/uploads\/2026\/04\/benni.jpg 1920w, https:\/\/omu.agency\/get-aktiv\/wp-content\/uploads\/2026\/04\/benni-300x169.jpg 300w, https:\/\/omu.agency\/get-aktiv\/wp-content\/uploads\/2026\/04\/benni-1024x576.jpg 1024w, https:\/\/omu.agency\/get-aktiv\/wp-content\/uploads\/2026\/04\/benni-768x432.jpg 768w, https:\/\/omu.agency\/get-aktiv\/wp-content\/uploads\/2026\/04\/benni-1536x864.jpg 1536w\" sizes=\"(max-width: 1920px) 100vw, 1920px\" \/><\/a>\n\t\t\t<\/div>\n\t\t\t\t<figcaption class='wp-caption-text gallery-caption' id='gallery-1-3687'>\n\t\t\t\tBenjamin &#8211; Physiotherapeut\n\t\t\t\t<\/figcaption><\/figure>\n\t\t<\/div>\n\t\t<\/div>\n\t\t\t\t\t\t<\/div>\n\t\t\t\t<\/div>\n\t\t\t\t<\/div>\n\t\t\t\t<\/div>\n\t\t<div class=\"elementor-element elementor-element-eddd7e9 e-flex e-con-boxed e-con e-parent\" data-id=\"eddd7e9\" data-element_type=\"container\" data-e-type=\"container\" data-settings=\"{&quot;background_background&quot;:&quot;classic&quot;}\">\n\t\t\t\t\t<div class=\"e-con-inner\">\n\t\t<div class=\"elementor-element elementor-element-d65bfa7 e-con-full e-flex e-con e-child\" data-id=\"d65bfa7\" data-element_type=\"container\" data-e-type=\"container\" data-settings=\"{&quot;background_background&quot;:&quot;classic&quot;}\">\n\t\t\t\t<div class=\"elementor-element elementor-element-d9a2dba elementor-widget__width-initial elementor-widget elementor-widget-heading\" data-id=\"d9a2dba\" data-element_type=\"widget\" data-e-type=\"widget\" data-widget_type=\"heading.default\">\n\t\t\t\t<div class=\"elementor-widget-container\">\n\t\t\t\t\t<h2 class=\"elementor-heading-title elementor-size-default\">Interesse an unserem <br>pers\u00f6nlichen Trainingsangebot?<\/h2>\t\t\t\t<\/div>\n\t\t\t\t<\/div>\n\t\t\t\t<div class=\"elementor-element elementor-element-5ca3620 elementor-widget elementor-widget-text-editor\" data-id=\"5ca3620\" data-element_type=\"widget\" data-e-type=\"widget\" data-widget_type=\"text-editor.default\">\n\t\t\t\t<div class=\"elementor-widget-container\">\n\t\t\t\t\t\t\t\t\t<p style=\"text-align: center;\">Dann senden Sie uns einfach eine kurze Anfrage und wir lassen Ihnen s\u00e4mtliche Informationen zukommen.<br \/><br \/><\/p><p style=\"text-align: center;\">Wir freuen uns darauf, Sie bei Get Aktiv begr\u00fc\u00dfen zu d\u00fcrfen!<\/p>\t\t\t\t\t\t\t\t<\/div>\n\t\t\t\t<\/div>\n\t\t<div class=\"elementor-element elementor-element-cc8f93e e-con-full e-flex e-con e-child\" data-id=\"cc8f93e\" data-element_type=\"container\" data-e-type=\"container\">\n\t\t\t\t<div class=\"elementor-element elementor-element-43a0962 elementor-align-justify elementor-widget__width-initial elementor-widget elementor-widget-button\" data-id=\"43a0962\" data-element_type=\"widget\" data-e-type=\"widget\" data-widget_type=\"button.default\">\n\t\t\t\t<div class=\"elementor-widget-container\">\n\t\t\t\t\t\t\t\t\t<div class=\"elementor-button-wrapper\">\n\t\t\t\t\t<a class=\"elementor-button elementor-button-link elementor-size-sm\" href=\"https:\/\/omu.agency\/get-aktiv\/kontakt\/\">\n\t\t\t\t\t\t<span class=\"elementor-button-content-wrapper\">\n\t\t\t\t\t\t\t\t\t<span class=\"elementor-button-text\">Jetzt Mitglied werden!<\/span>\n\t\t\t\t\t<\/span>\n\t\t\t\t\t<\/a>\n\t\t\t\t<\/div>\n\t\t\t\t\t\t\t\t<\/div>\n\t\t\t\t<\/div>\n\t\t\t\t<\/div>\n\t\t\t\t<\/div>\n\t\t\t\t\t<\/div>\n\t\t\t\t<\/div>\n\t\t\t\t<\/div>\n\t\t","protected":false},"excerpt":{"rendered":"<p>Das Team von Get Aktiv THERAPIE TRIFFT TRAINING \u2013F\u00dcR IHR AKTIVES, SELBSTBESTIMMTES LEBEN Jetzt Mitglied werden! Pers\u00f6nliche Betreuung | moderne EGYM-Ger\u00e4te | Smart-Hub Erich &#8211; Physiotherapeut Benjamin &#8211; Physiotherapeut Interesse an unserem pers\u00f6nlichen Trainingsangebot? Dann senden Sie uns einfach eine kurze Anfrage und wir lassen Ihnen s\u00e4mtliche Informationen zukommen. Wir freuen uns darauf, Sie bei [&hellip;]<\/p>\n","protected":false},"author":1,"featured_media":0,"parent":0,"menu_order":0,"comment_status":"closed","ping_status":"closed","template":"elementor_header_footer","meta":{"_acf_changed":false,"_seopress_robots_primary_cat":"","_seopress_titles_title":"","_seopress_titles_desc":"","_seopress_robots_index":"","footnotes":""},"class_list":["post-3632","page","type-page","status-publish","hentry"],"acf":[],"_links":{"self":[{"href":"https:\/\/omu.agency\/get-aktiv\/wp-json\/wp\/v2\/pages\/3632","targetHints":{"allow":["GET"]}}],"collection":[{"href":"https:\/\/omu.agency\/get-aktiv\/wp-json\/wp\/v2\/pages"}],"about":[{"href":"https:\/\/omu.agency\/get-aktiv\/wp-json\/wp\/v2\/types\/page"}],"author":[{"embeddable":true,"href":"https:\/\/omu.agency\/get-aktiv\/wp-json\/wp\/v2\/users\/1"}],"replies":[{"embeddable":true,"href":"https:\/\/omu.agency\/get-aktiv\/wp-json\/wp\/v2\/comments?post=3632"}],"version-history":[{"count":10,"href":"https:\/\/omu.agency\/get-aktiv\/wp-json\/wp\/v2\/pages\/3632\/revisions"}],"predecessor-version":[{"id":3720,"href":"https:\/\/omu.agency\/get-aktiv\/wp-json\/wp\/v2\/pages\/3632\/revisions\/3720"}],"wp:attachment":[{"href":"https:\/\/omu.agency\/get-aktiv\/wp-json\/wp\/v2\/media?parent=3632"}],"curies":[{"name":"wp","href":"https:\/\/api.w.org\/{rel}","templated":true}]}}